{"id":305,"date":"2023-01-29T13:35:46","date_gmt":"2023-01-29T13:35:46","guid":{"rendered":"https:\/\/generationplus.online\/?page_id=305"},"modified":"2023-02-26T07:16:41","modified_gmt":"2023-02-26T07:16:41","slug":"about","status":"publish","type":"page","link":"https:\/\/generationplus.online\/fr\/about","title":{"rendered":"\u00c0 propos"},"content":{"rendered":"<h1>\n\t\tQui nous sommes\n\t<\/h1>\n\t<p>Designer et ing\u00e9nieur fran\u00e7ais avec une longue exp\u00e9rience de la conception de produits et du design industriel, nous avons cr\u00e9\u00e9 G\u00e9n\u00e9ration Plus dans le souci de r\u00e9pondre de mani\u00e8re plus ad\u00e9quate et inclusive aux d\u00e9fis d\u00e9mographiques et cliniques d'un monde qui \u00e9volue, et o\u00f9 chacun doit trouver sa place, son ind\u00e9pendance et son bien-\u00eatre.<\/p>\n\t\t\t<a href=\"https:\/\/generationplus.online\/fr\/products\/\" target=\"_blank\" role=\"button\" rel=\"noopener\">\n\t\t\t\t\t\t\tExplorez nos solutions\n\t\t\t<\/a>\n\t<em>Le vieillissement de la population est consid\u00e9r\u00e9 comme l'une des mutations sociales les plus importantes du XXIe si\u00e8cle. <\/em><em>La population vit plus longtemps que jamais, mais beaucoup voient leur autonomie et leur qualit\u00e9 de vie diminuer et ne se r\u00e9signent pas \u00e0 vieillir<\/em><br \/>\n<em>De plus, l'arthrose, et toutes les maladies li\u00e9es \u00e0 l'arthrose, est l'une des causes les plus fr\u00e9quentes d'incapacit\u00e9 physique chez les adultes (source : US National Institute on Aging ) <\/em><em>Elle touche plus de 350 millions de personnes dans le monde <\/em><em>Aux \u00c9tats-Unis, environ 1 adulte sur 4 souffre d'arthrose diagnostiqu\u00e9e par un m\u00e9decin (source : Centers for Disease Control and Prevention)<\/em><br \/>\n<em>En France, 9 \u00e0 10 millions de personnes souffrent d'arthrose (source : INSERM)<\/em><br \/>\n<em>L'\u00e2ge et les handicaps ont un impact dans presque tous les secteurs de la soci\u00e9t\u00e9, notamment en ce qui concerne la demande de biens et de services.<\/em>\n<p><strong>C'est pourquoi l'enjeu de GENERATION PLUS est centr\u00e9 sur l'am\u00e9lioration de la vie domestique pour tous, et pour cette population en particulier<\/strong><\/p>\n<h1>\n\t\tChez Generation Plus,\n\t<\/h1>\n\tNous croyons que bien vieillir chez soi, c'est avoir une qualit\u00e9 de vie soutenue par des technologies intelligentes, notamment dans la cuisine, l\u00e0 o\u00f9 les gens ont le plus de mal \u00e0 exercer leur autonomie.<br \/>\nWe also want to improve the lives of people with disabilities, arthritis, osteoarthritis, carpal tunnel syndrome&#8230;.\nWe are committed to:<br \/>\n- rejeter le st\u00e9r\u00e9otype selon lequel les personnes \u00e2g\u00e9es sont toutes d\u00e9pendantes et incapables de g\u00e9rer les t\u00e2ches quotidiennes, notamment en cuisine<br \/>\n&#8211; empowering the elderly and disabled to continue to manage their daily lives with greater independence\nAfter years of<br \/>\n-Recherche et d\u00e9veloppement<br \/>\n-Exploitation of data from customers&#8217; experience and satisfaction surveys with users of competing products<br \/>\n- \u00e9tude sur les besoins des personnes avec handicaps, des personnes \u00e0 mobilit\u00e9 r\u00e9duite ou des personnes \u00e2g\u00e9es,\n<p>Nous avons confi\u00e9 \u00e0 nos ing\u00e9nieurs et experts fran\u00e7ais le soin de trouver des solutions v\u00e9ritablement adapt\u00e9es, bas\u00e9es sur une technologie de pointe, un grand sens de l'innovation et une technicit\u00e9 in\u00e9gal\u00e9e dans le domaine des produits li\u00e9s \u00e0 la maison et \u00e0 la cuisine.<\/p>\n\t\t\t<a href=\"https:\/\/generationplus.online\/fr\/contact\/\" target=\"_blank\" role=\"button\" rel=\"noopener\">\n\t\t\t\t\t\t\tN'h\u00e9sitez pas \u00e0 nous contacter pour toute information\n\t\t\t<\/a>","protected":false},"excerpt":{"rendered":"<p>Who we are French designer and engineer with a long experience in product and industrial design, we created Generation Plus in order to respond more&hellip;<\/p>","protected":false},"author":1,"featured_media":0,"parent":0,"menu_order":0,"comment_status":"closed","ping_status":"closed","template":"","meta":{"footnotes":""},"class_list":["post-305","page","type-page","status-publish","hentry"],"_links":{"self":[{"href":"https:\/\/generationplus.online\/fr\/wp-json\/wp\/v2\/pages\/305","targetHints":{"allow":["GET"]}}],"collection":[{"href":"https:\/\/generationplus.online\/fr\/wp-json\/wp\/v2\/pages"}],"about":[{"href":"https:\/\/generationplus.online\/fr\/wp-json\/wp\/v2\/types\/page"}],"author":[{"embeddable":true,"href":"https:\/\/generationplus.online\/fr\/wp-json\/wp\/v2\/users\/1"}],"replies":[{"embeddable":true,"href":"https:\/\/generationplus.online\/fr\/wp-json\/wp\/v2\/comments?post=305"}],"version-history":[{"count":21,"href":"https:\/\/generationplus.online\/fr\/wp-json\/wp\/v2\/pages\/305\/revisions"}],"predecessor-version":[{"id":1237,"href":"https:\/\/generationplus.online\/fr\/wp-json\/wp\/v2\/pages\/305\/revisions\/1237"}],"wp:attachment":[{"href":"https:\/\/generationplus.online\/fr\/wp-json\/wp\/v2\/media?parent=305"}],"curies":[{"name":"wp","href":"https:\/\/api.w.org\/{rel}","templated":true}]}}