{"id":702,"date":"2023-02-07T08:27:43","date_gmt":"2023-02-07T08:27:43","guid":{"rendered":"https:\/\/generationplus.online\/?page_id=702"},"modified":"2026-02-03T11:57:00","modified_gmt":"2026-02-03T11:57:00","slug":"products","status":"publish","type":"page","link":"https:\/\/generationplus.online\/fr\/","title":{"rendered":"Produits"},"content":{"rendered":"<h6>Thoughtfully designed in France, our products focus on ergonomics and safety, keeping in mind their accessibility to seniors or individuals with limited abilities.<\/h6>\n<figure itemscope itemtype=\"https:\/\/schema.org\/ImageObject\">\n\t\t\t\t<a href=\"https:\/\/generationplus.online\/fr\/hands-free-jar-opener\/\"  target=\"_blank\" rel=\"noopener\"  itemprop=\"url\">\n\t\t\t\t<img decoding=\"async\" src=\"https:\/\/generationplus.online\/wp-content\/uploads\/2024\/01\/jar-opener-plus-product.jpg\" alt=\"jar opener plus product\" height=\"800\" width=\"1200\" title=\"jar opener plus product\" onerror=\"this.style.display='none'\" loading=\"lazy\" \/>\n\t\t\t\t<\/a>\n\t<\/figure>\n\t\t\t<a href=\"https:\/\/generationplus.online\/fr\/hands-free-jar-opener\/\"  target=\"_blank\" rel=\"noopener\">\n\t\t\t\t\t\t\tOuvre-bocal mains libres\n\t\t\t\t\t<\/a>\n<figure itemscope itemtype=\"https:\/\/schema.org\/ImageObject\">\n\t\t\t\t<a href=\"https:\/\/generationplus.online\/fr\/one-handed-electric-wine-opener\/\"  target=\"_blank\" rel=\"noopener\"  itemprop=\"url\">\n\t\t\t\t<img decoding=\"async\" src=\"https:\/\/generationplus.online\/wp-content\/uploads\/2024\/01\/WINE-OPENER-PLUS-3A.jpg\" alt=\"WINE OPENER PLUS 3A\" height=\"800\" width=\"1200\" title=\"WINE OPENER PLUS 3A\" onerror=\"this.style.display='none'\" loading=\"lazy\" \/>\n\t\t\t\t<\/a>\n\t<\/figure>\n\t\t\t<a href=\"https:\/\/generationplus.online\/fr\/one-handed-electric-wine-opener\/\"  target=\"_blank\" rel=\"noopener\">\n\t\t\t\t\t\t\tTire-bouchon \u00e9lectrique \u00e0 une main\n\t\t\t\t\t<\/a>\n<figure itemscope itemtype=\"https:\/\/schema.org\/ImageObject\">\n\t\t\t\t<a href=\"https:\/\/generationplus.online\/fr\/automatic-bottle-opener\/\"  target=\"_self\" itemprop=\"url\">\n\t\t\t\t<img decoding=\"async\" src=\"https:\/\/generationplus.online\/wp-content\/uploads\/2024\/01\/BOTTLE-OPENER-PLUS-PRODUIT.jpg\" alt=\"BOTTLE OPENER PLUS PRODUIT\" height=\"800\" width=\"1200\" title=\"BOTTLE OPENER PLUS PRODUIT\" onerror=\"this.style.display='none'\" loading=\"lazy\" \/>\n\t\t\t\t<\/a>\n\t<\/figure>\n\t\t\t<a href=\"https:\/\/generationplus.online\/fr\/automatic-bottle-opener\/\"  target=\"_blank\" rel=\"noopener\">\n\t\t\t\t\t\t\tOuvre Bouteille Automatique\n\t\t\t\t\t<\/a>\n<figure itemscope itemtype=\"https:\/\/schema.org\/ImageObject\">\n\t\t\t\t<a href=\"https:\/\/generationplus.online\/fr\/hands-free-can-opener\/\"  target=\"_blank\" rel=\"noopener\"  itemprop=\"url\">\n\t\t\t\t<img decoding=\"async\" src=\"https:\/\/generationplus.online\/wp-content\/uploads\/2024\/01\/CAN-OPENER-PRODUIT.jpg\" alt=\"CAN OPENER PRODUIT\" height=\"800\" width=\"1200\" title=\"CAN OPENER PRODUIT\" onerror=\"this.style.display='none'\" loading=\"lazy\" \/>\n\t\t\t\t<\/a>\n\t<\/figure>\n\t\t\t<a href=\"https:\/\/generationplus.online\/fr\/hands-free-can-opener\/\"  target=\"_blank\" rel=\"noopener\">\n\t\t\t\t\t\t\tOuvre-bo\u00eete mains libres s\u00e9curit\u00e9\n\t\t\t\t\t<\/a>\n<figure itemscope itemtype=\"https:\/\/schema.org\/ImageObject\">\n\t\t\t\t<a href=\"https:\/\/generationplus.online\/fr\/electric-gravity-butter-and-cheese-grater\/\"  target=\"_blank\" rel=\"noopener\"  itemprop=\"url\">\n\t\t\t\t<img decoding=\"async\" src=\"https:\/\/generationplus.online\/wp-content\/uploads\/2024\/01\/GRAVITY-BUTTER-MILL-PLUS-PRODUIT.jpg\" alt=\"GRAVITY BUTTER MILL PLUS PRODUIT\" height=\"800\" width=\"1200\" title=\"GRAVITY BUTTER MILL PLUS PRODUIT\" onerror=\"this.style.display='none'\" loading=\"lazy\" \/>\n\t\t\t\t<\/a>\n\t<\/figure>\n\t\t\t<a href=\"https:\/\/generationplus.online\/fr\/electric-gravity-butter-and-cheese-grater\/\"  target=\"_blank\" rel=\"noopener\">\n\t\t\t\t\t\t\tElectric gravity butter &#038; cheese grater\n\t\t\t\t\t<\/a>\n<figure itemscope itemtype=\"https:\/\/schema.org\/ImageObject\">\n\t\t\t\t<a href=\"https:\/\/generationplus.online\/fr\/one-handed-cling-film-dispenser\/\"  target=\"_blank\" rel=\"noopener\"  itemprop=\"url\">\n\t\t\t\t<img decoding=\"async\" src=\"https:\/\/generationplus.online\/wp-content\/uploads\/2024\/01\/CLING-FILM-DISPENSER-PLUS-2A.jpg\" alt=\"CLING FILM DISPENSER PLUS 2A\" height=\"800\" width=\"1200\" title=\"CLING FILM DISPENSER PLUS 2A\" onerror=\"this.style.display='none'\" loading=\"lazy\" \/>\n\t\t\t\t<\/a>\n\t<\/figure>\n\t\t\t<a href=\"https:\/\/generationplus.online\/fr\/one-handed-cling-film-dispenser\/\"  target=\"_blank\" rel=\"noopener\">\n\t\t\t\t\t\t\tD\u00e9rouleur film alimentaire \u00e0 une main\n\t\t\t\t\t<\/a>\n<figure itemscope itemtype=\"https:\/\/schema.org\/ImageObject\">\n\t\t\t\t<a href=\"https:\/\/generationplus.online\/fr\/electric-gravity-salt-pepper-and-spice-grinder\/\"  target=\"_blank\" rel=\"noopener\"  itemprop=\"url\">\n\t\t\t\t<img decoding=\"async\" src=\"https:\/\/generationplus.online\/wp-content\/uploads\/2024\/01\/GRAVITY-PEPPER-GRINDER-PLUS-4A.jpg\" alt=\"GRAVITY PEPPER GRINDER PLUS 4A\" height=\"800\" width=\"1200\" title=\"GRAVITY PEPPER GRINDER PLUS 4A\" onerror=\"this.style.display='none'\" loading=\"lazy\" \/>\n\t\t\t\t<\/a>\n\t<\/figure>\n\t\t\t<a href=\"https:\/\/generationplus.online\/fr\/electric-gravity-salt-pepper-and-spice-grinder\/\"  target=\"_blank\" rel=\"noopener\">\n\t\t\t\t\t\t\tMagnetic gravity salt pepper &#038; spice grinder\n\t\t\t\t\t<\/a>\n<figure itemscope itemtype=\"https:\/\/schema.org\/ImageObject\">\n\t\t\t\t<a href=\"https:\/\/generationplus.online\/fr\/electronic-bottle-cap-drink-reminder\/\"  target=\"_blank\" rel=\"noopener\"  itemprop=\"url\">\n\t\t\t\t<img decoding=\"async\" src=\"https:\/\/generationplus.online\/wp-content\/uploads\/2024\/01\/DRINK-REMINDER-PLUS-PROD.jpg\" alt=\"DRINK REMINDER PLUS PROD\" height=\"800\" width=\"1200\" title=\"DRINK REMINDER PLUS PROD\" onerror=\"this.style.display='none'\" loading=\"lazy\" \/>\n\t\t\t\t<\/a>\n\t<\/figure>\n\t\t\t<a href=\"https:\/\/generationplus.online\/fr\/electronic-bottle-cap-drink-reminder\/\"  target=\"_blank\" rel=\"noopener\">\n\t\t\t\t\t\t\tBouchon Canicule Electronique\n\t\t\t\t\t<\/a>\n<figure itemscope itemtype=\"https:\/\/schema.org\/ImageObject\">\n\t\t\t\t<a href=\"https:\/\/generationplus.online\/fr\/ratchet-effortless-nut-and-seafood-cracker\/\"  target=\"_blank\" rel=\"noopener\"  itemprop=\"url\">\n\t\t\t\t<img decoding=\"async\" src=\"https:\/\/generationplus.online\/wp-content\/uploads\/2023\/03\/ratchet-nutcracker-generation-plus-10.gif\" alt=\"ratchet-nutcracker-generation-plus-10\" height=\"800\" width=\"1200\" title=\"ratchet-nutcracker-generation-plus-10\" onerror=\"this.style.display='none'\" loading=\"lazy\" \/>\n\t\t\t\t<\/a>\n\t<\/figure>\n\t\t\t<a href=\"https:\/\/generationplus.online\/fr\/ratchet-effortless-nut-and-seafood-cracker\/\"  target=\"_blank\" rel=\"noopener\">\n\t\t\t\t\t\t\tRatchet nut &#038; seafood cracker\n\t\t\t\t\t<\/a>\n<figure itemscope itemtype=\"https:\/\/schema.org\/ImageObject\">\n\t\t\t\t<a href=\"https:\/\/generationplus.online\/fr\/ratchet-effortless-lemon-lime-squeezer\/\"  target=\"_blank\" rel=\"noopener\"  itemprop=\"url\">\n\t\t\t\t<img decoding=\"async\" src=\"https:\/\/generationplus.online\/wp-content\/uploads\/2023\/07\/PRESSE-CITRON-PLUS.jpg\" alt=\"PRESSE-CITRON-PLUS\" height=\"1029\" width=\"1326\" title=\"PRESSE-CITRON-PLUS\" onerror=\"this.style.display='none'\" loading=\"lazy\" \/>\n\t\t\t\t<\/a>\n\t<\/figure>\n\t\t\t<a href=\"https:\/\/generationplus.online\/fr\/ratchet-effortless-lemon-lime-squeezer\/\"  target=\"_blank\" rel=\"noopener\">\n\t\t\t\t\t\t\tRatchet Lemon &#038; Citrus squeezer\n\t\t\t\t\t<\/a>\n<figure itemscope itemtype=\"https:\/\/schema.org\/ImageObject\">\n\t\t\t\t<a href=\"https:\/\/generationplus.online\/fr\/ratchet-effortless-garlic-press\/\"  target=\"_blank\" rel=\"noopener\"  itemprop=\"url\">\n\t\t\t\t<img decoding=\"async\" src=\"https:\/\/generationplus.online\/wp-content\/uploads\/2023\/03\/ratchet-garlic-press-generation-plus-2.gif\" alt=\"ratchet-garlic-press-generation-plus-2\" height=\"762\" width=\"1200\" title=\"ratchet-garlic-press-generation-plus-2\" onerror=\"this.style.display='none'\" loading=\"lazy\" \/>\n\t\t\t\t<\/a>\n\t<\/figure>\n\t\t\t<a href=\"https:\/\/generationplus.online\/fr\/ratchet-effortless-garlic-press\/\"  target=\"_blank\" rel=\"noopener\">\n\t\t\t\t\t\t\tPresse ail  sans effort \u00e0 cr\u00e9maill\u00e8re\n\t\t\t\t\t<\/a>\n<figure itemscope itemtype=\"https:\/\/schema.org\/ImageObject\">\n\t\t\t\t<a href=\"https:\/\/generationplus.online\/fr\/magnetic-rotating-spice-carousel-set\/\"  target=\"_blank\" rel=\"noopener\"  itemprop=\"url\">\n\t\t\t\t<img decoding=\"async\" src=\"https:\/\/generationplus.online\/wp-content\/uploads\/2024\/02\/MAGNETIC-SPICE-CAROUSEL-SET-PLUS-5.jpg\" alt=\"MAGNETIC SPICE CAROUSEL SET PLUS 5\" height=\"800\" width=\"1200\" title=\"MAGNETIC SPICE CAROUSEL SET PLUS 5\" onerror=\"this.style.display='none'\" loading=\"lazy\" \/>\n\t\t\t\t<\/a>\n\t<\/figure>\n\t\t\t<a href=\"https:\/\/generationplus.online\/fr\/magnetic-rotating-spice-carousel-set\/\"  target=\"_blank\" rel=\"noopener\">\n\t\t\t\t\t\t\tMan\u00e8ge \u00e0 \u00e9pices rotatif magn\u00e9tique\n\t\t\t\t\t<\/a>\n<figure itemscope itemtype=\"https:\/\/schema.org\/ImageObject\">\n\t\t\t\t<a href=\"https:\/\/generationplus.online\/fr\/easy-butter-and-cheese-grater\/\"  target=\"_blank\" rel=\"noopener\"  itemprop=\"url\">\n\t\t\t\t<img decoding=\"async\" src=\"https:\/\/generationplus.online\/wp-content\/uploads\/2023\/02\/easy-butter-butter-grater-generation-plus-3.png\" alt=\"easy butter butter grater generation plus 3\" height=\"1000\" width=\"1000\" title=\"easy butter butter grater generation plus 3\" onerror=\"this.style.display='none'\" loading=\"lazy\" \/>\n\t\t\t\t<\/a>\n\t<\/figure>\n\t\t\t<a href=\"https:\/\/generationplus.online\/fr\/easy-butter-and-cheese-grater\/\"  target=\"_self\">\n\t\t\t\t\t\t\tEasy butter &#038; cheese grater\n\t\t\t\t\t<\/a>\n<figure itemscope itemtype=\"https:\/\/schema.org\/ImageObject\">\n\t\t\t\t<a href=\"https:\/\/generationplus.online\/fr\/mini-easy-butter-and-cheese-grater\/\"  target=\"_self\" itemprop=\"url\">\n\t\t\t\t<img decoding=\"async\" src=\"https:\/\/generationplus.online\/wp-content\/uploads\/2023\/02\/easy-butter-le-petit-butter-grater-generation-plus-20.jpg\" alt=\"easy butter le petit butter grater generation plus 20\" height=\"800\" width=\"1300\" title=\"easy butter le petit butter grater generation plus 20\" onerror=\"this.style.display='none'\" loading=\"lazy\" \/>\n\t\t\t\t<\/a>\n\t<\/figure>\n\t\t\t<a href=\"https:\/\/generationplus.online\/fr\/mini-easy-butter-and-cheese-grater\/\"  target=\"_self\">\n\t\t\t\t\t\t\tMini easy butter &#038; cheese grater\n\t\t\t\t\t<\/a>\n<figure itemscope itemtype=\"https:\/\/schema.org\/ImageObject\">\n\t\t\t\t<img decoding=\"async\" src=\"https:\/\/generationplus.online\/wp-content\/plugins\/beaver-builder-lite-version\/img\/pixel.png\" alt=\"\" onerror=\"this.style.display='none'\" loading=\"lazy\" \/>\n\t<\/figure>\n<h2>\n\t\t\tNos services\t<\/h2>\n\t<p>Nous cr\u00e9ons des produits pour un march\u00e9 exigeant. Cela implique une ing\u00e9nierie experte, des processus continus de la conception \u00e0 la fabrication et une validation rigoureuse de la qualit\u00e9 pendant la production<\/p>\n\t<p>Cela signifie l'expertise n\u00e9cessaire pour relever des d\u00e9fis complexes en mati\u00e8re de conception et d'ing\u00e9nierie, l'attention port\u00e9e aux d\u00e9tails et l'accent mis sur la qualit\u00e9 pour cr\u00e9er des produits qui sont construits pour durer et qui offrent des performances exceptionnelles.<\/p>\n\t<p>Nous accordons la priorit\u00e9 \u00e0 l'\u00e9tablissement de relations solides et durables fond\u00e9es sur la confiance et la fiabilit\u00e9. Nous mettons l'accent sur la qualit\u00e9 des produits et comprenons que nos clients se concentrent sur des facteurs tels que le retour sur investissement et la valeur durable, et utilisent nos produits pour g\u00e9rer avec succ\u00e8s leurs propres activit\u00e9s.<\/p>\n\t<p>We offer customized or personalized solutions to meet the specific needs of our customers. We are flexible to accommodate their requirements regarding product color options, personalized packaging, brand identity &#8230;<\/p>\n\t<p>Tous nos produits ont obtenu la certification T\u00dcV, ce qui signifie qu'ils ont satisfait \u00e0 toutes les exigences en mati\u00e8re de s\u00e9curit\u00e9, de qualit\u00e9 et de fiabilit\u00e9. Ils sont conformes aux r\u00e9glementations internationales.<\/p>\n\t<p>Tous nos mod\u00e8les sont enregistr\u00e9s dans la plupart des pays. La protection de nos produits uniques donne \u00e0 nos clients un avantage concurrentiel avec une valeur marchande accrue et une protection juridique.<\/p>\n<h4>\n\t\t\tContactez-nous pour toute question\t<\/h4>\n\t\t\t<a href=\"https:\/\/generationplus.online\/fr\/contact\"  target=\"_blank\" rel=\"noopener\">\n\t\t\t\t\t\t\tContact\n\t\t\t<\/a>\n\t<p>G\u00e9n\u00e9ration Plus, une marque d'engagement et de convictions, propuls\u00e9e par C Design, designers et ing\u00e9nieurs fran\u00e7ais.<\/p>","protected":false},"excerpt":{"rendered":"<p>Thoughtfully designed in France, our products focus on ergonomics and safety, keeping in mind their accessibility to seniors or individuals with limited abilities. Ultimate hands-free&hellip;<\/p>","protected":false},"author":1,"featured_media":0,"parent":0,"menu_order":0,"comment_status":"closed","ping_status":"closed","template":"","meta":{"footnotes":""},"class_list":["post-702","page","type-page","status-publish","hentry"],"_links":{"self":[{"href":"https:\/\/generationplus.online\/fr\/wp-json\/wp\/v2\/pages\/702","targetHints":{"allow":["GET"]}}],"collection":[{"href":"https:\/\/generationplus.online\/fr\/wp-json\/wp\/v2\/pages"}],"about":[{"href":"https:\/\/generationplus.online\/fr\/wp-json\/wp\/v2\/types\/page"}],"author":[{"embeddable":true,"href":"https:\/\/generationplus.online\/fr\/wp-json\/wp\/v2\/users\/1"}],"replies":[{"embeddable":true,"href":"https:\/\/generationplus.online\/fr\/wp-json\/wp\/v2\/comments?post=702"}],"version-history":[{"count":11,"href":"https:\/\/generationplus.online\/fr\/wp-json\/wp\/v2\/pages\/702\/revisions"}],"predecessor-version":[{"id":2346,"href":"https:\/\/generationplus.online\/fr\/wp-json\/wp\/v2\/pages\/702\/revisions\/2346"}],"wp:attachment":[{"href":"https:\/\/generationplus.online\/fr\/wp-json\/wp\/v2\/media?parent=702"}],"curies":[{"name":"wp","href":"https:\/\/api.w.org\/{rel}","templated":true}]}}