{"id":939,"date":"2023-02-14T19:06:39","date_gmt":"2023-02-14T19:06:39","guid":{"rendered":"https:\/\/generationplus.online\/?page_id=939"},"modified":"2024-04-13T16:52:29","modified_gmt":"2024-04-13T16:52:29","slug":"log-in","status":"publish","type":"page","link":"https:\/\/generationplus.online\/fr\/log-in","title":{"rendered":"Se connecter"},"content":{"rendered":"<p>You can <strong>log in <\/strong>if you have an account . No account yet ? please click on the <strong>&#8220;create account&#8221; <\/strong>button<\/p>\n\t\t\t<a href=\"https:\/\/generationplus.online\/fr\/register\/\" target=\"_blank\" rel=\"noopener\">\n\t\t\t\t\t\t\tCr\u00e9er un compte\n\t\t\t\t\t<\/a>\n\t<div class=\"forminator-ui forminator-custom-form forminator-custom-form-988 forminator-design--default  forminator_ajax\" data-forminator-render=\"0\" data-form=\"forminator-module-988\" data-uid=\"69d76b51900dd\"><br\/><\/div><form\n\t\t\t\tid=\"forminator-module-988\"\n\t\t\t\tclass=\"forminator-ui forminator-custom-form forminator-custom-form-988 forminator-design--default  forminator_ajax\"\n\t\t\t\tmethod=\"post\"\n\t\t\t\tdata-forminator-render=\"0\"\n\t\t\t\tdata-form-id=\"988\"\n\t\t\t\t data-color-option=\"default\" data-design=\"default\" data-grid=\"open\" style=\"display: none;\"\n\t\t\t\tdata-uid=\"69d76b51900dd\" action=\"\"\n\t\t\t><div role=\"alert\" aria-live=\"polite\" class=\"forminator-response-message forminator-error\" aria-hidden=\"true\"><\/div><div class=\"forminator-row\"><div id=\"text-1\" class=\"forminator-field-text forminator-col forminator-col-12\"><div class=\"forminator-field\"><label for=\"forminator-field-text-1_69d76b51900dd\" id=\"forminator-field-text-1_69d76b51900dd-label\" class=\"forminator-label\">Nom d'utilisateur ou adresse e-mail <span class=\"forminator-required\">*<\/span><\/label><input type=\"text\" name=\"text-1\" value=\"\" placeholder=\"\" id=\"forminator-field-text-1_69d76b51900dd\" class=\"forminator-input forminator-name--field\" data-required=\"true\" \/><\/div><\/div><\/div><div class=\"forminator-row\"><div id=\"password-1\" class=\"forminator-field-password forminator-col forminator-col-12\"><div class=\"forminator-field\"><label for=\"forminator-field-password-1_69d76b51900dd\" id=\"forminator-field-password-1_69d76b51900dd-label\" class=\"forminator-label\">Mot de passe <span class=\"forminator-required\">*<\/span><\/label><input name=\"password-1\" value=\"\" placeholder=\"\" id=\"forminator-field-password-1_69d76b51900dd\" class=\"forminator-input forminator-name--field\" data-required=\"true\" type=\"password\" aria-describedby=\"forminator-field-password-1_69d76b51900dd-description\" \/><\/div><div class=\"forminator-description forminator-description-password\" id=\"forminator-field-password-1_69d76b51900dd-description\"><p><a title=\"Lost Password\" href=\"https:\/\/generationplus.online\/wp-login.php?action=lostpassword&amp;redirect_to\" target=\"_blank\" rel=\"noopener\">Lost password\u00a0?<\/a><\/p><\/div><\/div><\/div><div class=\"forminator-row\"><div id=\"captcha-1\" class=\"forminator-field-captcha forminator-col forminator-col-12\"><div class=\"forminator-captcha-left forminator-g-recaptcha\" data-theme=\"light\"  data-sitekey=\"6LcoVqskAAAAADtyVfGQe1zrD1R55FwmS-qUN4xW\" data-size=\"normal\"><\/div> <\/div><\/div><div class=\"forminator-row\"><div id=\"checkbox-1\" class=\"forminator-field-checkbox forminator-col forminator-col-12  remember-me\"><div role=\"group\" class=\"forminator-field\" aria-labelledby=\"forminator-checkbox-group-forminator-field-checkbox-1-69d76b51900dd-label\"><label id=\"forminator-field-checkbox-1-1-69d76b51900dd-label\" for=\"forminator-field-checkbox-1-1-69d76b51900dd\" class=\"forminator-checkbox\" title=\"Se souvenir de moi\"><input type=\"checkbox\" name=\"checkbox-1[]\" value=\"remember-me\" id=\"forminator-field-checkbox-1-1-69d76b51900dd\" aria-labelledby=\"forminator-field-checkbox-1-1-69d76b51900dd-label\" data-calculation=\"0\"  \/><span class=\"forminator-checkbox-box\" aria-hidden=\"true\"><\/span><span class=\"forminator-checkbox-label\">Se souvenir de moi<\/span><\/label><\/div><\/div><\/div><input type=\"hidden\" name=\"referer_url\" value=\"\" \/><div class=\"forminator-row forminator-row-last\"><div class=\"forminator-col\"><div class=\"forminator-field\"><button class=\"forminator-button forminator-button-submit\">Se connecter<\/button><\/div><\/div><\/div><input type=\"hidden\" id=\"forminator_nonce\" name=\"forminator_nonce\" value=\"619e055957\" \/><input type=\"hidden\" name=\"_wp_http_referer\" value=\"\/fr\/wp-json\/wp\/v2\/pages\/939\" \/><input type=\"hidden\" name=\"form_id\" value=\"988\"><input type=\"hidden\" name=\"page_id\" value=\"939\"><input type=\"hidden\" name=\"form_type\" value=\"login\"><input type=\"hidden\" name=\"current_url\" value=\"https:\/\/generationplus.online\/fr\/log-in\"><input type=\"hidden\" name=\"render_id\" value=\"0\"><input type=\"hidden\" name=\"redirect_to\" value=\"https:\/\/generationplus.online\/wp-admin\/\"><input type=\"hidden\" name=\"action\" value=\"forminator_submit_form_custom-forms\"><input type=\"hidden\" name=\"trp-form-language\" value=\"fr\"\/><\/form>\n\t<p>En vous connectant, vous aurez acc\u00e8s au t\u00e9l\u00e9chargement de nos visuels et documents . Le bouton de t\u00e9l\u00e9chargement est situ\u00e9 en bas de toutes les pages produits . Le t\u00e9l\u00e9chargement est r\u00e9serv\u00e9 aux professionnels. Si vous avez d'autres demandes, n'h\u00e9sitez pas \u00e0 nous contacter, merci<\/p>\n\t\t\t<a href=\"https:\/\/generationplus.online\/fr\/contact\/\" target=\"_self\" rel=\"noopener\">\n\t\t\t\t\t\t\tContact\n\t\t\t\t\t<\/a>","protected":false},"excerpt":{"rendered":"<p>You can log in if you have an account . No account yet ? please click on the &#8220;create account&#8221; button Create account By logging&hellip;<\/p>","protected":false},"author":1,"featured_media":0,"parent":0,"menu_order":0,"comment_status":"closed","ping_status":"closed","template":"","meta":{"footnotes":""},"class_list":["post-939","page","type-page","status-publish","hentry"],"_links":{"self":[{"href":"https:\/\/generationplus.online\/fr\/wp-json\/wp\/v2\/pages\/939","targetHints":{"allow":["GET"]}}],"collection":[{"href":"https:\/\/generationplus.online\/fr\/wp-json\/wp\/v2\/pages"}],"about":[{"href":"https:\/\/generationplus.online\/fr\/wp-json\/wp\/v2\/types\/page"}],"author":[{"embeddable":true,"href":"https:\/\/generationplus.online\/fr\/wp-json\/wp\/v2\/users\/1"}],"replies":[{"embeddable":true,"href":"https:\/\/generationplus.online\/fr\/wp-json\/wp\/v2\/comments?post=939"}],"version-history":[{"count":9,"href":"https:\/\/generationplus.online\/fr\/wp-json\/wp\/v2\/pages\/939\/revisions"}],"predecessor-version":[{"id":2077,"href":"https:\/\/generationplus.online\/fr\/wp-json\/wp\/v2\/pages\/939\/revisions\/2077"}],"wp:attachment":[{"href":"https:\/\/generationplus.online\/fr\/wp-json\/wp\/v2\/media?parent=939"}],"curies":[{"name":"wp","href":"https:\/\/api.w.org\/{rel}","templated":true}]}}